{"id":137,"date":"2014-05-03T18:03:16","date_gmt":"2014-05-03T16:03:16","guid":{"rendered":"http:\/\/www.mentalbeleben.at\/?page_id=137"},"modified":"2022-05-04T21:09:43","modified_gmt":"2022-05-04T19:09:43","slug":"willkommen","status":"publish","type":"page","link":"https:\/\/www.mentalbeleben.at\/?page_id=137","title":{"rendered":"Gl\u00fcck"},"content":{"rendered":"<p style=\"text-align: left;\"><span style=\"color: #ff00ff;\">Gl\u00fcck ist nicht von allem das Beste zu haben, sondern aus allem das Beste zu machen.<br \/>\n<\/span><\/p>\n<p style=\"text-align: left;\">Die Suche nach dem Gl\u00fcck begleitet uns Menschen oft ein Leben lang, sie ist sozusagen der Motor und Antrieb unseres Seins.<\/p>\n<p style=\"text-align: left;\">Wir alle tragen das Potential f\u00fcr ein Leben voller Gl\u00fcck und Gesundheit in uns, wenn wir bewusst unsere Aufmerksamkeit darauf lenken, wird uns beides immer begleiten.<\/p>\n<p><center><div style=\"width: 512px;\" class=\"wp-video\"><!--[if lt IE 9]><script>document.createElement('video');<\/script><![endif]-->\n<video class=\"wp-video-shortcode\" id=\"video-137-1\" width=\"512\" height=\"288\" preload=\"metadata\" controls=\"controls\"><source type=\"video\/mp4\" src=\"http:\/\/www.mentalbeleben.at\/wp-content\/uploads\/2022\/05\/praesentation-leben2.mp4?_=1\" \/><a href=\"http:\/\/www.mentalbeleben.at\/wp-content\/uploads\/2022\/05\/praesentation-leben2.mp4\">http:\/\/www.mentalbeleben.at\/wp-content\/uploads\/2022\/05\/praesentation-leben2.mp4<\/a><\/video><\/div><\/p>\n<p><\/center>Gl\u00fcck empfinden oder gl\u00fccklich sein, ist sowohl ein Gef\u00fchl als auch ein Zustand allgemeinen, oft unbewussten Wohlbefindens, dieses h\u00e4ngt nicht von objektiven Tatsachen, sondern vom subjektiven Erleben der betreffenden Person ab.<\/p>\n<p>Gl\u00fcck k\u00f6nnte ein dauerhaftes Gef\u00fchl sein, wenn die positiven Momente die Negativen \u00fcberwiegen. Wir sind es jedoch gew\u00f6hnt, uns mit dem Negativen viel intensiver zu besch\u00e4ftigen. Alles Positive nehmen wir als selbstverst\u00e4ndlich wahr, dem Negativen jedoch h\u00e4ngen wir viel l\u00e4nger nach, dem schenken wir einen Gro\u00dfteil unserer Energie.<\/p>\n<p style=\"text-align: center;\"><span style=\"color: #ff00ff;\">Gl\u00fcck ist kein Geschenk der G\u00f6tter, es ist das Ergebnis einer inneren Einstellung.<\/span><\/p>\n<p style=\"text-align: left;\">Letztendlich geht es um unser eindeutiges, bedingungsloses Ja zu allem was ist.<\/p>\n<p style=\"text-align: center;\">\u00a0 \u00a0 \u00a0\u00a0<span style=\"color: #ff00ff;\"> Ein Ja in jedem Augenblick f\u00fchrt zu Frieden und Gl\u00fcck.<\/span><\/p>\n","protected":false},"excerpt":{"rendered":"<p>Gl\u00fcck ist nicht von allem das Beste zu haben, sondern aus allem das Beste zu machen. Die Suche nach dem Gl\u00fcck begleitet uns Menschen oft ein Leben lang, sie ist sozusagen der Motor und Antrieb unseres Seins. Wir alle tragen &hellip; <a href=\"https:\/\/www.mentalbeleben.at\/?page_id=137\">Weiterlesen <span class=\"meta-nav\">&rarr;<\/span><\/a><\/p>\n","protected":false},"author":1,"featured_media":299,"parent":0,"menu_order":4,"comment_status":"closed","ping_status":"closed","template":"","meta":{"footnotes":""},"_links":{"self":[{"href":"https:\/\/www.mentalbeleben.at\/index.php?rest_route=\/wp\/v2\/pages\/137"}],"collection":[{"href":"https:\/\/www.mentalbeleben.at\/index.php?rest_route=\/wp\/v2\/pages"}],"about":[{"href":"https:\/\/www.mentalbeleben.at\/index.php?rest_route=\/wp\/v2\/types\/page"}],"author":[{"embeddable":true,"href":"https:\/\/www.mentalbeleben.at\/index.php?rest_route=\/wp\/v2\/users\/1"}],"replies":[{"embeddable":true,"href":"https:\/\/www.mentalbeleben.at\/index.php?rest_route=%2Fwp%2Fv2%2Fcomments&post=137"}],"version-history":[{"count":38,"href":"https:\/\/www.mentalbeleben.at\/index.php?rest_route=\/wp\/v2\/pages\/137\/revisions"}],"predecessor-version":[{"id":641,"href":"https:\/\/www.mentalbeleben.at\/index.php?rest_route=\/wp\/v2\/pages\/137\/revisions\/641"}],"wp:featuredmedia":[{"embeddable":true,"href":"https:\/\/www.mentalbeleben.at\/index.php?rest_route=\/wp\/v2\/media\/299"}],"wp:attachment":[{"href":"https:\/\/www.mentalbeleben.at\/index.php?rest_route=%2Fwp%2Fv2%2Fmedia&parent=137"}],"curies":[{"name":"wp","href":"https:\/\/api.w.org\/{rel}","templated":true}]}}