{"id":2,"date":"2014-01-25T08:53:22","date_gmt":"2014-01-25T06:53:22","guid":{"rendered":"http:\/\/www.mentalbeleben.at\/?page_id=2"},"modified":"2014-07-29T17:07:19","modified_gmt":"2014-07-29T15:07:19","slug":"beispiel-seite","status":"publish","type":"page","link":"https:\/\/www.mentalbeleben.at\/?page_id=2","title":{"rendered":"Mentaltraining"},"content":{"rendered":"<h1 style=\"text-align: left;\">Was ist Mentaltraining<\/h1>\n<p style=\"text-align: left;\">Mental hei\u00dft geistig\u00a0 &#8211;\u00a0 <strong>Mentaltraining<\/strong> hei\u00dft somit die Macht unseres Geistes zu n\u00fctzen, ihn zu trainieren und bewusst einzusetzen.<\/p>\n<p><strong>Mentaltraining<\/strong> hei\u00dft bewusstes Denken erlernen, volle Herrschaft \u00fcber seine Sinne zu haben, den sogenannten Zufall zu steuern, die richtigen Weichen zu stellen und das Leben nach den eigenen Vorstellungen zu gestalten.<\/p>\n<p style=\"text-align: left;\"><strong>Mentaltraining<\/strong> ist Training zur Perfektion im Denken und Handeln Es ist eine Kraftquelle im Alltag und hilft unser eigenes Leben in Besitz zu nehmen und zielsicher und optimal zu gestalten.<\/p>\n<address><strong>Mentaltraining<\/strong> ist eine ausgereifte seit Jahrzehnten erprobte und angewandte Methode, sein Wissen ist uralt, es wurde lange Zeit geheim gehalten. Schon Einstein sagte: \u201eVorstellungskraft ist wichtiger als Wissen\u201c.<\/address>\n<p><strong>Mentaltraining<\/strong> ist der nat\u00fcrliche Weg an der F\u00fclle der Sch\u00f6pfung teilzunehmen. Es ist unverzichtbar f\u00fcr eine bewusste Lebensgestaltung: \u201e Was will ich wirklich?\u201c Es macht mich unabh\u00e4ngig und mich selbst zu meinem pers\u00f6nlichen Lebenscoach.<\/p>\n<p><strong>Mentaltraining<\/strong> ist mehr als nur ein ergebnisorientiertes Erfolgstraining.<br \/>\nAufgaben werden zu L\u00f6sungen, Fehlschl\u00e4ge zu Erfolgen.<\/p>\n<p>Mit <strong>Mentaltraining<\/strong> lernt man die Energie der Gedanken und die Macht des Unterbewusstseins zu n\u00fctzen. Durch Vorstellungskraft und mit fester \u00dcberzeugung kann man alles erreichen: z B. Ziele verwirklichen, Loslassen lernen, Probleme und \u00c4ngste verringern, Hemmungen abbauen, Freude empfinden, Phantasie trainieren, Kreativit\u00e4t steigern, finanzielle Erfolge erzielen, Selbst\u00e4ndigkeit erlangen, \u00dcberzeugungskraft st\u00e4rken, die Welt gelassener sehen, die\u00a0 Zeit besser n\u00fctzen, Konzentrationsf\u00e4higkeit steigern, Ged\u00e4chtnis verbessern, Liebe pflegen, Gesundheit erhalten, Heilung von Krankheiten unterst\u00fctzen, in Harmonie mit dem Partner leben, kurzum das Leben nachhaltig ver\u00e4ndern, verbessern und bereichern.<\/p>\n<p>Die Wirksamkeit von <strong>Mentaltraining<\/strong> wird durch Studien belegt. Heutzutage steigern nicht nur Spitzensportler, sondern auch Unternehmer und F\u00fchrungskr\u00e4fte aller Bereiche ihren Berufs- und Lebenserfolg und vollbringen hervorragende Leistungen.<\/p>\n<p><strong>Mentaltraining<\/strong> gewinnt auch zunehmend Bedeutung in der Medizin und P\u00e4dagogik. Kinder unterst\u00fctzt es bei der Entwicklung eines gesunden Selbstbewusstseins.\u00a0\u00a0\u00a0\u00a0\u00a0\u00a0\u00a0\u00a0\u00a0\u00a0\u00a0\u00a0\u00a0\u00a0 Im allt\u00e4glichen Leben bew\u00e4hrt es sich zur Probleml\u00f6sung, Wunscherf\u00fcllung, Zielerreichung und vor allem zur Steigerung des\u00a0 Wohlbefindens.<\/p>\n<p>Jeder von uns wendet l\u00e4ngst <strong>Mentaltraining<\/strong> an, leider meist unbewusst, weil wir gar nicht wissen, wieviel Zeit unseres Lebens wir unbewusst handeln.<br \/>\nMit mentalen Training lernt man der Chef seines Lebens zu werden, die Programmierung des Autopiloten zu erkennen und zu ver\u00e4ndern.<\/p>\n<p>&nbsp;<\/p>\n","protected":false},"excerpt":{"rendered":"<p>Was ist Mentaltraining Mental hei\u00dft geistig\u00a0 &#8211;\u00a0 Mentaltraining hei\u00dft somit die Macht unseres Geistes zu n\u00fctzen, ihn zu trainieren und bewusst einzusetzen. Mentaltraining hei\u00dft bewusstes Denken erlernen, volle Herrschaft \u00fcber seine Sinne zu haben, den sogenannten Zufall zu steuern, die &hellip; <a href=\"https:\/\/www.mentalbeleben.at\/?page_id=2\">Weiterlesen <span class=\"meta-nav\">&rarr;<\/span><\/a><\/p>\n","protected":false},"author":1,"featured_media":300,"parent":0,"menu_order":1,"comment_status":"closed","ping_status":"closed","template":"","meta":{"footnotes":""},"_links":{"self":[{"href":"https:\/\/www.mentalbeleben.at\/index.php?rest_route=\/wp\/v2\/pages\/2"}],"collection":[{"href":"https:\/\/www.mentalbeleben.at\/index.php?rest_route=\/wp\/v2\/pages"}],"about":[{"href":"https:\/\/www.mentalbeleben.at\/index.php?rest_route=\/wp\/v2\/types\/page"}],"author":[{"embeddable":true,"href":"https:\/\/www.mentalbeleben.at\/index.php?rest_route=\/wp\/v2\/users\/1"}],"replies":[{"embeddable":true,"href":"https:\/\/www.mentalbeleben.at\/index.php?rest_route=%2Fwp%2Fv2%2Fcomments&post=2"}],"version-history":[{"count":32,"href":"https:\/\/www.mentalbeleben.at\/index.php?rest_route=\/wp\/v2\/pages\/2\/revisions"}],"predecessor-version":[{"id":535,"href":"https:\/\/www.mentalbeleben.at\/index.php?rest_route=\/wp\/v2\/pages\/2\/revisions\/535"}],"wp:featuredmedia":[{"embeddable":true,"href":"https:\/\/www.mentalbeleben.at\/index.php?rest_route=\/wp\/v2\/media\/300"}],"wp:attachment":[{"href":"https:\/\/www.mentalbeleben.at\/index.php?rest_route=%2Fwp%2Fv2%2Fmedia&parent=2"}],"curies":[{"name":"wp","href":"https:\/\/api.w.org\/{rel}","templated":true}]}}