{"id":204,"date":"2014-05-18T15:48:49","date_gmt":"2014-05-18T13:48:49","guid":{"rendered":"http:\/\/www.mentalbeleben.at\/?page_id=204"},"modified":"2014-07-29T17:27:18","modified_gmt":"2014-07-29T15:27:18","slug":"angebot","status":"publish","type":"page","link":"https:\/\/www.mentalbeleben.at\/?page_id=204","title":{"rendered":"Mein Angebot"},"content":{"rendered":"<p><strong>Ich freue mich mit Ihnen, je nach Ihren individuellen Bed\u00fcrfnissen auf mentaler oder energetischer Ebene arbeiten zu d\u00fcrfen. <\/strong><\/p>\n<ul>\n<li>\n<h1>Mentaltraining<\/h1>\n<\/li>\n<\/ul>\n<p>Bei einem kostenlosen Erstgespr\u00e4ch erfahren S<span style=\"color: #000000;\">ie wichtige Dinge \u00fcber Mentaltraining und wir vereinbaren, wieviel\u00a0 Zeit wir diesem Thema widmen wollen. <\/span>Mentaltraining ist sehr effektiv und es werden sich schnell Erfolge zeigen.<\/p>\n<p>Gerne hole ich Sie genau dort ab, wo Sie jetzt stehen. Dazu kann es notwendig sein\u00a0 mit verschiedenen Entspannungstechniken einzusteigen.\u00a0\u00a0\u00a0\u00a0\u00a0\u00a0\u00a0\u00a0\u00a0\u00a0\u00a0\u00a0\u00a0\u00a0\u00a0\u00a0\u00a0\u00a0\u00a0\u00a0\u00a0\u00a0\u00a0\u00a0\u00a0\u00a0\u00a0\u00a0\u00a0\u00a0\u00a0\u00a0\u00a0\u00a0\u00a0\u00a0\u00a0\u00a0\u00a0\u00a0\u00a0\u00a0\u00a0\u00a0 Meditation, Aufmerksamkeitstraining, Energie\u00fcbungen sind nur einige davon. Manchmal ist es sinnvoll mit langsamer, behutsamer Bewegung oder einen Spaziergang in der Natur einzusteigen.<\/p>\n<ul>\n<li>\n<h1>DFR-Entspannungssessions nach Cliff Sanderson<\/h1>\n<\/li>\n<\/ul>\n<address>Dieser sanfte Prozess f\u00fchrt K\u00f6rper und Geist in einen Zustand tiefer Entspannung, der als gro\u00dfe Ruhe und frei von Angst, Sorgen und jeglicher Anspannung erlebt wird. Nur wenn wir tief entspannt sind, k\u00f6nnen wir alte \u00dcberzeugungen, sowie das Bed\u00fcrfnis, alles steuern und kontrollieren zu wollen, loslassen.<\/address>\n<address>Als Ergebnis dieses Prozesses berichten Menschen von tiefgreifenden Ver\u00e4nderungen ihres Gesundheitszustands und allgemeinen Wohlbefindens, von erh\u00f6hter Kreativit\u00e4t und davon, einen umfassenderen Lebenssinn und gr\u00f6\u00dfere innere Freiheit gefunden zu haben. In Worte l\u00e4sst es sich allerdings nur schwer fassen \u2013 Man muss es einfach selbst erleben!<\/address>\n<ul>\n<li>\n<h2>Matrixheilung<\/h2>\n<\/li>\n<\/ul>\n<address>Matrixheilung wirkt ganzheitlich durch Tiefenentspannung, in der Gedanken zur Ruhe kommen und das Herz sich \u00f6ffnet. Dies bewirkt, dass Selbstheilungskr\u00e4fte, die die Zellen im Nervensystem erneuern, aktiviert werden. Die Gewohnheit, auf die alten unbewussten Glaubensmuster, die f\u00fcr St\u00f6rungen im\u00a0Zellged\u00e4chtnis des Menschen gesorgt haben, zu reagieren, kann aufgel\u00f6st und daraus entstandene Krankheiten oder Probleme geheilt oder gel\u00f6st werden.<center><a href=\"http:\/\/www.mentalbeleben.at\/wp-content\/uploads\/2014\/05\/20140219_182330.jpg\"><img loading=\"lazy\" decoding=\"async\" class=\"alignnone size-medium wp-image-492\" src=\"http:\/\/www.mentalbeleben.at\/wp-content\/uploads\/2014\/05\/20140219_182330-225x300.jpg\" alt=\"20140219_182330\" width=\"225\" height=\"300\" srcset=\"https:\/\/www.mentalbeleben.at\/wp-content\/uploads\/2014\/05\/20140219_182330-225x300.jpg 225w, https:\/\/www.mentalbeleben.at\/wp-content\/uploads\/2014\/05\/20140219_182330-768x1024.jpg 768w, https:\/\/www.mentalbeleben.at\/wp-content\/uploads\/2014\/05\/20140219_182330.jpg 1920w\" sizes=\"(max-width: 225px) 100vw, 225px\" \/><\/a><\/center><\/address>\n<ul>\n<li>\n<h2>Gesundheitsgymnastik in Kleingruppen<\/h2>\n<\/li>\n<\/ul>\n<address><center>Termine auf Anfrage.<\/center><\/address>\n<ul>\n<li>\n<h2>Workshops und Vortr\u00e4ge<\/h2>\n<\/li>\n<\/ul>\n<address><center>Ort und Zeit werden bekanntgegeben.<\/center><\/address>\n","protected":false},"excerpt":{"rendered":"<p>Ich freue mich mit Ihnen, je nach Ihren individuellen Bed\u00fcrfnissen auf mentaler oder energetischer Ebene arbeiten zu d\u00fcrfen. Mentaltraining Bei einem kostenlosen Erstgespr\u00e4ch erfahren Sie wichtige Dinge \u00fcber Mentaltraining und wir vereinbaren, wieviel\u00a0 Zeit wir diesem Thema widmen wollen. Mentaltraining &hellip; <a href=\"https:\/\/www.mentalbeleben.at\/?page_id=204\">Weiterlesen <span class=\"meta-nav\">&rarr;<\/span><\/a><\/p>\n","protected":false},"author":1,"featured_media":0,"parent":0,"menu_order":60,"comment_status":"closed","ping_status":"closed","template":"","meta":{"footnotes":""},"_links":{"self":[{"href":"https:\/\/www.mentalbeleben.at\/index.php?rest_route=\/wp\/v2\/pages\/204"}],"collection":[{"href":"https:\/\/www.mentalbeleben.at\/index.php?rest_route=\/wp\/v2\/pages"}],"about":[{"href":"https:\/\/www.mentalbeleben.at\/index.php?rest_route=\/wp\/v2\/types\/page"}],"author":[{"embeddable":true,"href":"https:\/\/www.mentalbeleben.at\/index.php?rest_route=\/wp\/v2\/users\/1"}],"replies":[{"embeddable":true,"href":"https:\/\/www.mentalbeleben.at\/index.php?rest_route=%2Fwp%2Fv2%2Fcomments&post=204"}],"version-history":[{"count":21,"href":"https:\/\/www.mentalbeleben.at\/index.php?rest_route=\/wp\/v2\/pages\/204\/revisions"}],"predecessor-version":[{"id":538,"href":"https:\/\/www.mentalbeleben.at\/index.php?rest_route=\/wp\/v2\/pages\/204\/revisions\/538"}],"wp:attachment":[{"href":"https:\/\/www.mentalbeleben.at\/index.php?rest_route=%2Fwp%2Fv2%2Fmedia&parent=204"}],"curies":[{"name":"wp","href":"https:\/\/api.w.org\/{rel}","templated":true}]}}