{"id":214,"date":"2014-05-18T16:13:07","date_gmt":"2014-05-18T14:13:07","guid":{"rendered":"http:\/\/www.mentalbeleben.at\/?page_id=214"},"modified":"2014-07-27T22:58:02","modified_gmt":"2014-07-27T20:58:02","slug":"impressum","status":"publish","type":"page","link":"https:\/\/www.mentalbeleben.at\/?page_id=214","title":{"rendered":"Impressum"},"content":{"rendered":"<p>Johanna Wolfram<br \/>\nDipl. Mentaltrainerin<br \/>\nR\u00f6merstra\u00dfe 25<br \/>\n2170 Poysdorf<\/p>\n<p>Ich gebe keinerlei Heilversprechen oder Garantie darauf, dass ein Klient durch eine Intervention tats\u00e4chlich geheilt wird. Angebotene bioenergetische Verfahren und alternative Methoden k\u00f6nnen Selbstheilungskr\u00e4fte in Gang setzen und\/oder diese beschleunigen\/st\u00e4rken. Die vorgestellten Methoden der energetischen Aufl\u00f6sungsarbeit ersetzen keine eventuell n\u00f6tigen medizinischen, psychiatrischen, psychotherapeutischen oder klinisch-psychologischen Therapien. Laufende Behandlungen sollten nicht abgebrochen oder ohne R\u00fccksprache mit ihrem Arzt moduliert werden.<\/p>\n<p><strong>Haftung<\/strong><br \/>\nIch distanziere mich ausdr\u00fccklich von allen Inhalten verlinkter Seiten und mache mir diese keinesfalls zu eigen. Sollte ein Link oder dessen Inhalte gegen jemandes Recht versto\u00dfen, entferne ich diesen, sobald ich davon Kenntnis erhalten.<\/p>\n<p><strong>Copyrights<\/strong><br \/>\nDie Verwendung von Inhalten dieser Website sowie deren Darstellung eingebettet in anderen Websites bedarf einer ausdr\u00fccklichen Genehmigung des Betreibers.<\/p>\n<p><strong>Datenschutz<\/strong><br \/>\nInnerhalb dieser Website durch den Nutzer freiwillig eingegebene pers\u00f6nliche oder gesch\u00e4ftliche Daten (Emailadressen, Namen, Anschriften) werden ausschlie\u00dflich zu Promotion-Zwecken der Website bzw. deren Inhalten verwendet und keinesfalls an Dritte weitergegeben.<\/p>\n<p>&nbsp;<\/p>\n","protected":false},"excerpt":{"rendered":"<p>Johanna Wolfram Dipl. Mentaltrainerin R\u00f6merstra\u00dfe 25 2170 Poysdorf Ich gebe keinerlei Heilversprechen oder Garantie darauf, dass ein Klient durch eine Intervention tats\u00e4chlich geheilt wird. Angebotene bioenergetische Verfahren und alternative Methoden k\u00f6nnen Selbstheilungskr\u00e4fte in Gang setzen und\/oder diese beschleunigen\/st\u00e4rken. Die vorgestellten &hellip; <a href=\"https:\/\/www.mentalbeleben.at\/?page_id=214\">Weiterlesen <span class=\"meta-nav\">&rarr;<\/span><\/a><\/p>\n","protected":false},"author":1,"featured_media":358,"parent":0,"menu_order":80,"comment_status":"closed","ping_status":"closed","template":"","meta":{"footnotes":""},"_links":{"self":[{"href":"https:\/\/www.mentalbeleben.at\/index.php?rest_route=\/wp\/v2\/pages\/214"}],"collection":[{"href":"https:\/\/www.mentalbeleben.at\/index.php?rest_route=\/wp\/v2\/pages"}],"about":[{"href":"https:\/\/www.mentalbeleben.at\/index.php?rest_route=\/wp\/v2\/types\/page"}],"author":[{"embeddable":true,"href":"https:\/\/www.mentalbeleben.at\/index.php?rest_route=\/wp\/v2\/users\/1"}],"replies":[{"embeddable":true,"href":"https:\/\/www.mentalbeleben.at\/index.php?rest_route=%2Fwp%2Fv2%2Fcomments&post=214"}],"version-history":[{"count":20,"href":"https:\/\/www.mentalbeleben.at\/index.php?rest_route=\/wp\/v2\/pages\/214\/revisions"}],"predecessor-version":[{"id":515,"href":"https:\/\/www.mentalbeleben.at\/index.php?rest_route=\/wp\/v2\/pages\/214\/revisions\/515"}],"wp:featuredmedia":[{"embeddable":true,"href":"https:\/\/www.mentalbeleben.at\/index.php?rest_route=\/wp\/v2\/media\/358"}],"wp:attachment":[{"href":"https:\/\/www.mentalbeleben.at\/index.php?rest_route=%2Fwp%2Fv2%2Fmedia&parent=214"}],"curies":[{"name":"wp","href":"https:\/\/api.w.org\/{rel}","templated":true}]}}