{"id":31,"date":"2014-03-22T19:05:38","date_gmt":"2014-03-22T17:05:38","guid":{"rendered":"http:\/\/www.mentalbeleben.at\/?page_id=31"},"modified":"2014-07-27T09:22:45","modified_gmt":"2014-07-27T07:22:45","slug":"31-2","status":"publish","type":"page","link":"https:\/\/www.mentalbeleben.at\/?page_id=31","title":{"rendered":"Gedanken"},"content":{"rendered":"<h2 style=\"text-align: center;\"><span style=\"font-size: 140%;\">Nichts an sich ist gut oder schlecht,<br \/>\nerst unser Denken macht es dazu<\/span><\/h2>\n<p style=\"text-align: right;\">\u00a0 William Shakespeare<\/p>\n<p>Gedanken sind wie Wassertropfen, ein einzelner hat nicht viel Bedeutung, wenn er aber st\u00e4ndig wiederholt wird, hinterl\u00e4sst er bald einen Fleck wie viele Wassertropfen, dann eine Pf\u00fctze, einen T\u00fcmpel oder See und wenn Gedanken jahre- oder gar jahrzehntelang wiederholt werden, gleichen sie bald einem Ozean.<\/p>\n<p style=\"text-align: center;\">Wir k\u00f6nnen entscheiden, ob wir einen verschmutzten Ozean erschaffen,<br \/>\noder doch lieber glasklares Wasser vermehren.<\/p>\n<p>Oft h\u00f6rt man: &#8220;Ich muss immer daran denken&#8221;, n\u00fctzen wir doch diesen Mechanismus f\u00fcr positive Gedanken. Das ist gar nicht schwer, man muss sich diese Gedanken nur bewusst machen.<\/p>\n<h1 style=\"text-align: center;\">Achte stets auf deine Gedanken, sie werden zu Worten.<br \/>\nAchte auf deine Worte, sie werden zu Handlungen.<br \/>\nAchte auf deine Handlungen, sie werden zu Gewohnheiten.<br \/>\nAchte auf deine Gewohnheiten, sie werden zu Charaktereigenschaften.<br \/>\nAchte auf deinen Charakter, er wird dein Schicksal.<br \/>\nUnbekannt<\/h1>\n<p>&nbsp;<\/p>\n<p style=\"text-align: center;\"><span style=\"color: #ff9900;\">&#8221; Ich kann immer einen Gedanken w\u00e4hlen, der sich besser anf\u00fchlt&#8221;<\/span><\/p>\n<p><span style=\"color: #ff9900;\">\u00a0<\/span><\/p>\n","protected":false},"excerpt":{"rendered":"<p>Nichts an sich ist gut oder schlecht, erst unser Denken macht es dazu \u00a0 William Shakespeare Gedanken sind wie Wassertropfen, ein einzelner hat nicht viel Bedeutung, wenn er aber st\u00e4ndig wiederholt wird, hinterl\u00e4sst er bald einen Fleck wie viele Wassertropfen, &hellip; <a href=\"https:\/\/www.mentalbeleben.at\/?page_id=31\">Weiterlesen <span class=\"meta-nav\">&rarr;<\/span><\/a><\/p>\n","protected":false},"author":1,"featured_media":294,"parent":2,"menu_order":3,"comment_status":"closed","ping_status":"closed","template":"","meta":{"footnotes":""},"_links":{"self":[{"href":"https:\/\/www.mentalbeleben.at\/index.php?rest_route=\/wp\/v2\/pages\/31"}],"collection":[{"href":"https:\/\/www.mentalbeleben.at\/index.php?rest_route=\/wp\/v2\/pages"}],"about":[{"href":"https:\/\/www.mentalbeleben.at\/index.php?rest_route=\/wp\/v2\/types\/page"}],"author":[{"embeddable":true,"href":"https:\/\/www.mentalbeleben.at\/index.php?rest_route=\/wp\/v2\/users\/1"}],"replies":[{"embeddable":true,"href":"https:\/\/www.mentalbeleben.at\/index.php?rest_route=%2Fwp%2Fv2%2Fcomments&post=31"}],"version-history":[{"count":15,"href":"https:\/\/www.mentalbeleben.at\/index.php?rest_route=\/wp\/v2\/pages\/31\/revisions"}],"predecessor-version":[{"id":498,"href":"https:\/\/www.mentalbeleben.at\/index.php?rest_route=\/wp\/v2\/pages\/31\/revisions\/498"}],"up":[{"embeddable":true,"href":"https:\/\/www.mentalbeleben.at\/index.php?rest_route=\/wp\/v2\/pages\/2"}],"wp:featuredmedia":[{"embeddable":true,"href":"https:\/\/www.mentalbeleben.at\/index.php?rest_route=\/wp\/v2\/media\/294"}],"wp:attachment":[{"href":"https:\/\/www.mentalbeleben.at\/index.php?rest_route=%2Fwp%2Fv2%2Fmedia&parent=31"}],"curies":[{"name":"wp","href":"https:\/\/api.w.org\/{rel}","templated":true}]}}