{"id":333,"date":"2014-06-29T17:14:49","date_gmt":"2014-06-29T15:14:49","guid":{"rendered":"http:\/\/www.mentalbeleben.at\/?page_id=333"},"modified":"2022-05-04T20:31:06","modified_gmt":"2022-05-04T18:31:06","slug":"gesundheit","status":"publish","type":"page","link":"https:\/\/www.mentalbeleben.at\/?page_id=333","title":{"rendered":"Gesundheit"},"content":{"rendered":"<div style=\"width: 512px;\" class=\"wp-video\"><!--[if lt IE 9]><script>document.createElement('video');<\/script><![endif]-->\n<video class=\"wp-video-shortcode\" id=\"video-333-1\" width=\"512\" height=\"288\" preload=\"metadata\" controls=\"controls\"><source type=\"video\/mp4\" src=\"http:\/\/www.mentalbeleben.at\/wp-content\/uploads\/2022\/05\/The-Secret-to-You-Deutsch.mp4?_=1\" \/><a href=\"http:\/\/www.mentalbeleben.at\/wp-content\/uploads\/2022\/05\/The-Secret-to-You-Deutsch.mp4\">http:\/\/www.mentalbeleben.at\/wp-content\/uploads\/2022\/05\/The-Secret-to-You-Deutsch.mp4<\/a><\/video><\/div>\n<p>Laut WHO ist Gesundheit\u00a0 ein Zustand v\u00f6lligen psychischen, physischen und sozialen Wohlbefindens und nicht nur das Freisein von Krankheit und Gebrechen.<\/p>\n<p>Was bedeutet Gesundheit f\u00fcr Sie? Ist es Schicksal, Zufall oder kann man vielleicht selber etwas dazu beitragen?<\/p>\n<p>Wir freuen uns \u00fcber die steigende Lebenserwartung in den letzten Jahrzehnten. Leider\u00a0 leben wir aber nur l\u00e4nger und k\u00f6nnen diese gewonnene Lebenszeit nur selten in Gesundheit und Leistungsf\u00e4higkeit genie\u00dfen.<\/p>\n<p>Gesundheit ist sowohl das Ergebnis der Harmonie von K\u00f6rper, Geist und Seele als auch von eigenen Einsichten und Bem\u00fchungen.\u00a0 Es sind unsere Gedanken und Gef\u00fchle, sowie unsere Lebensf\u00fchrung, die uns krank machen oder gesund erhalten k\u00f6nnen.<\/p>\n<p>K\u00f6rperliche oder psychische Beschwerden sind Warnsignale, Hinweise auf eine tiefer liegende Ursache. Sie zeigen uns, dass etwas im Umgang mit unserem K\u00f6rper, mit unserem Denken, F\u00fchlen und Handeln, mit den Beziehungen zu Mitmenschen, zur Natur oder zum G\u00f6ttlichen nicht stimmt.<\/p>\n<p>Unser K\u00f6rper ist ein Werkzeug, das auf unser Denken und Tun reagiert.<br \/>\nEr entspricht unserem Bewusstsein, unseren Gedanken und Gef\u00fchlen und kann nicht von sich aus krank werden, er weist uns durch\u00a0 Symptome auf ungesunde Lebensweise hin.<\/p>\n<p>Durch Achtsamkeit und Information, sowie der Bereitschaft die Verantwortung f\u00fcr sein Leben zu \u00fcbernehmen, k\u00f6nnen wir die L\u00e4nge unserer<strong> Lebenszeit in Gesundheit und Vitalit\u00e4t verl\u00e4ngern.<\/strong><\/p>\n","protected":false},"excerpt":{"rendered":"<p>Laut WHO ist Gesundheit\u00a0 ein Zustand v\u00f6lligen psychischen, physischen und sozialen Wohlbefindens und nicht nur das Freisein von Krankheit und Gebrechen. Was bedeutet Gesundheit f\u00fcr Sie? Ist es Schicksal, Zufall oder kann man vielleicht selber etwas dazu beitragen? Wir freuen &hellip; <a href=\"https:\/\/www.mentalbeleben.at\/?page_id=333\">Weiterlesen <span class=\"meta-nav\">&rarr;<\/span><\/a><\/p>\n","protected":false},"author":1,"featured_media":343,"parent":2,"menu_order":0,"comment_status":"closed","ping_status":"closed","template":"","meta":{"footnotes":""},"_links":{"self":[{"href":"https:\/\/www.mentalbeleben.at\/index.php?rest_route=\/wp\/v2\/pages\/333"}],"collection":[{"href":"https:\/\/www.mentalbeleben.at\/index.php?rest_route=\/wp\/v2\/pages"}],"about":[{"href":"https:\/\/www.mentalbeleben.at\/index.php?rest_route=\/wp\/v2\/types\/page"}],"author":[{"embeddable":true,"href":"https:\/\/www.mentalbeleben.at\/index.php?rest_route=\/wp\/v2\/users\/1"}],"replies":[{"embeddable":true,"href":"https:\/\/www.mentalbeleben.at\/index.php?rest_route=%2Fwp%2Fv2%2Fcomments&post=333"}],"version-history":[{"count":10,"href":"https:\/\/www.mentalbeleben.at\/index.php?rest_route=\/wp\/v2\/pages\/333\/revisions"}],"predecessor-version":[{"id":637,"href":"https:\/\/www.mentalbeleben.at\/index.php?rest_route=\/wp\/v2\/pages\/333\/revisions\/637"}],"up":[{"embeddable":true,"href":"https:\/\/www.mentalbeleben.at\/index.php?rest_route=\/wp\/v2\/pages\/2"}],"wp:featuredmedia":[{"embeddable":true,"href":"https:\/\/www.mentalbeleben.at\/index.php?rest_route=\/wp\/v2\/media\/343"}],"wp:attachment":[{"href":"https:\/\/www.mentalbeleben.at\/index.php?rest_route=%2Fwp%2Fv2%2Fmedia&parent=333"}],"curies":[{"name":"wp","href":"https:\/\/api.w.org\/{rel}","templated":true}]}}