{"id":377,"date":"2014-07-11T15:15:49","date_gmt":"2014-07-11T13:15:49","guid":{"rendered":"http:\/\/www.mentalbeleben.at\/?page_id=377"},"modified":"2014-10-17T11:36:53","modified_gmt":"2014-10-17T09:36:53","slug":"agb-2","status":"publish","type":"page","link":"https:\/\/www.mentalbeleben.at\/?page_id=377","title":{"rendered":"Feedback"},"content":{"rendered":"<p>Seit ich vorige Woche bei dir war, geht es mir so unbeschreiblich gut, alle wundern sich warum ich immer so gut drauf bin.<\/p>\n<p>Ich wei\u00df zwar nicht, was du gemacht hast, aber es hat unbeschreiblich gut getan. Ich f\u00fchl mich so leicht und voller Lebensfreude<\/p>\n<p>Danke vielmals\u00a0\u00a0\u00a0\u00a0\u00a0\u00a0\u00a0\u00a0\u00a0\u00a0\u00a0\u00a0\u00a0\u00a0\u00a0\u00a0\u00a0\u00a0\u00a0\u00a0\u00a0\u00a0\u00a0\u00a0 Christoph M.<\/p>\n<p>Da ich ( trotz OP) seit mehreren Monaten mit Schmerzen im Knie zu k\u00e4mpfen hatte, und noch kein Ende in Sicht war, hat man mir empfohlen Johannna`s Angebot zu probieren.\u00a0 Was ich nach kurzem Vorwand \u00a0(ich habe keine Zeit) doch annahm.<\/p>\n<p>Zuerst plauderten wir \u00fcber Dinge und Probleme, die mich bewegen und belasten die mir Angst bereiten. Einige Anst\u00f6\u00dfe und Wortphrasen zu meiner Denkweise, habe ich sofort abgespeichert. Danach machte mich Johanna mit Matrix vertraut. Mit einer Begr\u00fc\u00dfungswelle fiel ich auf ein weiches Bett. Ich wurde gut zugedeckt und f\u00fchlte mich wohlig angenehm. Sie legte\u00a0 mir immer wieder die H\u00e4nde auf mein Knie, nach einer Weile auf den Kopf. Ich hatte meine Augen geschlossen. Was auch immer passierte, ab und zu sp\u00fcrte ich mein krankes Knie. Ich f\u00fchlte mich entspannt, warm, gut aufgehoben, einfach super relaxt. Als ich wieder voll da war f\u00fchlte ich mich bestens. Wir haben noch kurz gesprochen und dann verlie\u00df ich sie mit einem wunderbaren Gef\u00fchl. Am n\u00e4chsten Tag, es war f\u00fcr mich irgendwie unglaublich, ich hatte keinen Schmerz mehr (nahm auch keine Tabletten) f\u00fchlte mich federleicht, tanzte durch das Haus, ach ist das Leben sch\u00f6n \ud83d\ude42\u00a0 Auch in den n\u00e4chsten Tagen ging es so weiter.<\/p>\n<p>Nach zuviel Anstrengung sp\u00fcre ich zwar jetzt nach 1 Woche ab und zu wieder mein Knie, aber nicht mehr als Schmerz, sondern als Mahnung, mich zu schonen.\u00a0 Die Denkanst\u00f6\u00dfe und Erkl\u00e4rungen sind verankert und ich kann sie mir immer wieder ins Ged\u00e4chtnis holen. Ich glaube auch mein Energiefeld hat sich ver\u00e4ndert.<\/p>\n<p>Ich wei\u00df, ich werde Johanna bald wieder aufsuchen, denn ihre Behandlung hat mir besser geholfen, als jedes Medikament.<\/p>\n<p>Vielen Dank !!!!\u00a0\u00a0\u00a0\u00a0\u00a0\u00a0\u00a0\u00a0\u00a0\u00a0\u00a0\u00a0\u00a0\u00a0\u00a0\u00a0\u00a0\u00a0\u00a0\u00a0\u00a0\u00a0 \u00a0 \u00a0 \u00a0 Maria K.<\/p>\n<p>&nbsp;<\/p>\n<p>Die Sitzungen bei dir haben mir sehr geholfen meine \u00c4ngste und Sorgen anzunehmen und loszulassen. Mit deiner Kraft und Ausstrahlung hast du mich inspiriert an mir zu arbeiten. Danke f\u00fcr deine Arbeit.\u00a0\u00a0\u00a0\u00a0\u00a0\u00a0\u00a0\u00a0\u00a0\u00a0\u00a0\u00a0\u00a0\u00a0\u00a0\u00a0\u00a0\u00a0\u00a0\u00a0\u00a0\u00a0\u00a0\u00a0\u00a0\u00a0\u00a0\u00a0\u00a0\u00a0\u00a0\u00a0\u00a0\u00a0\u00a0\u00a0\u00a0\u00a0\u00a0 Angela L.<\/p>\n<p>&nbsp;<\/p>\n<p>Eigentlich kam ich auf Empfehlung wegen meiner R\u00fcckenschmerzen zu dir, nur nebenbei erw\u00e4hnte ich meine sehr st\u00f6renden Schwindelattacken. Ich kann es kaum glauben, dass nach nur einer Sitzung, beides wie weggeblasen, einfach verschwunden ist.<\/p>\n<p>Vielen, vielen Dank &#8211; ich werde dich gerne weiterempfehlen.\u00a0\u00a0\u00a0\u00a0\u00a0\u00a0\u00a0\u00a0\u00a0\u00a0\u00a0\u00a0\u00a0\u00a0\u00a0 Martin T.<\/p>\n<p>&nbsp;<\/p>\n<p>&nbsp;<\/p>\n<p>&nbsp;<\/p>\n","protected":false},"excerpt":{"rendered":"<p>Seit ich vorige Woche bei dir war, geht es mir so unbeschreiblich gut, alle wundern sich warum ich immer so gut drauf bin. Ich wei\u00df zwar nicht, was du gemacht hast, aber es hat unbeschreiblich gut getan. Ich f\u00fchl mich &hellip; <a href=\"https:\/\/www.mentalbeleben.at\/?page_id=377\">Weiterlesen <span class=\"meta-nav\">&rarr;<\/span><\/a><\/p>\n","protected":false},"author":1,"featured_media":452,"parent":0,"menu_order":90,"comment_status":"closed","ping_status":"closed","template":"","meta":{"footnotes":""},"_links":{"self":[{"href":"https:\/\/www.mentalbeleben.at\/index.php?rest_route=\/wp\/v2\/pages\/377"}],"collection":[{"href":"https:\/\/www.mentalbeleben.at\/index.php?rest_route=\/wp\/v2\/pages"}],"about":[{"href":"https:\/\/www.mentalbeleben.at\/index.php?rest_route=\/wp\/v2\/types\/page"}],"author":[{"embeddable":true,"href":"https:\/\/www.mentalbeleben.at\/index.php?rest_route=\/wp\/v2\/users\/1"}],"replies":[{"embeddable":true,"href":"https:\/\/www.mentalbeleben.at\/index.php?rest_route=%2Fwp%2Fv2%2Fcomments&post=377"}],"version-history":[{"count":16,"href":"https:\/\/www.mentalbeleben.at\/index.php?rest_route=\/wp\/v2\/pages\/377\/revisions"}],"predecessor-version":[{"id":560,"href":"https:\/\/www.mentalbeleben.at\/index.php?rest_route=\/wp\/v2\/pages\/377\/revisions\/560"}],"wp:featuredmedia":[{"embeddable":true,"href":"https:\/\/www.mentalbeleben.at\/index.php?rest_route=\/wp\/v2\/media\/452"}],"wp:attachment":[{"href":"https:\/\/www.mentalbeleben.at\/index.php?rest_route=%2Fwp%2Fv2%2Fmedia&parent=377"}],"curies":[{"name":"wp","href":"https:\/\/api.w.org\/{rel}","templated":true}]}}