{"id":41,"date":"2014-03-22T19:48:07","date_gmt":"2014-03-22T17:48:07","guid":{"rendered":"http:\/\/www.mentalbeleben.at\/?page_id=41"},"modified":"2014-07-29T17:04:07","modified_gmt":"2014-07-29T15:04:07","slug":"ueber-mich","status":"publish","type":"page","link":"https:\/\/www.mentalbeleben.at\/?page_id=41","title":{"rendered":"\u00dcber mich"},"content":{"rendered":"<p>Mein Weg vom Burnout zu einem Leben mit Begeisterung und voller\u00a0\u00a0\u00a0\u00a0\u00a0\u00a0\u00a0\u00a0\u00a0\u00a0\u00a0\u00a0\u00a0\u00a0\u00a0\u00a0\u00a0\u00a0\u00a0\u00a0\u00a0\u00a0\u00a0\u00a0\u00a0 <strong>Gl\u00fcck\u00a0 und Dankbarkeit.<\/strong><\/p>\n<p>Eigentlich kann ich auf ein sehr erfolgreiches Leben zur\u00fcckblieben. Schon als Kind hatte man mir viele Aufgaben \u00fcbertragen. Sehr fr\u00fch lernte ich schwer zu arbeiten anstatt zu spielen. Ich war es gew\u00f6hnt immer f\u00fcr andere da zu sein, meine Bed\u00fcrfnisse waren nie gefragt. Mit zunehmenden\u00a0 Alter sehnte ich mich aber immer mehr nach meiner &#8220;Tankstelle&#8221;.<br \/>\nErst eine totale Ersch\u00f6pfung, ein sogenanntes Burnout, brachte mich dazu mein Leben zu \u00fcberdenken und auf mich zu achten. Durch gl\u00fcckliche Umst\u00e4nde trat Wolfgang Reichl (Mentaltrainer nach Prof. Kurt Tepperwein)\u00a0in mein Leben. Vom ersten Augenblick an sp\u00fcrte ich, das ist es, diesen Weg m\u00f6chte ich gehen. Dennoch konnte ich es kaum glauben, wie sehr sich mein Leben bereits\u00a0nach dem ersten Wochenende Mentaltraining in allen Bereichen zum Positiven ver\u00e4ndert hat. Ich bin so unendlich dankbar f\u00fcr mein neues Leben voll Freude, Leichtigkeit und Zuversicht.<\/p>\n<p>Durch meine\u00a0berufliche T\u00e4tigkeit bin ich t\u00e4glich mit Krankheiten, Schmerzen und Leid meiner Mitmenschen konfrontiert und deshalb ist es mir ein gro\u00dfes Anliegen mein wertvolles Wissen und meine vielen tollen Erfahrungen weiterzugeben.<\/p>\n<p>Mein Ziel ist es, mit diversen Modellen m\u00f6glichst vielen Menschen einen Weg zu einer gesunden und ausgeglichenen Lebensweise zu vermitteln und damit einen Beitrag f\u00fcr mehr Gesundheit, Freude Gl\u00fcck und Zufriedenheit und Liebe unter den Mitmenschen zu leisten.<\/p>\n<p>Es ist ganz einfach und bedarf\u00a0nur der Erkenntnis, dass wir nicht Opfer sondern Sch\u00f6pfer sind, dass wir alles beeinflussen k\u00f6nnen, was wir in unserem Leben haben wollen.<\/p>\n<p style=\"text-align: center;\"><span style=\"font-size: 140%;\">Dieser Augenblick ist der Einzige der ganzen Ewigkeit, der wirklich wichtig ist, denn nur in diesem Augenblick lebe ich und nur in diesem Augenblick bestimme ich mein Schicksal und somit mein Leben.<br \/>\n<\/span><\/p>\n<p>&nbsp;<\/p>\n","protected":false},"excerpt":{"rendered":"<p>Mein Weg vom Burnout zu einem Leben mit Begeisterung und voller\u00a0\u00a0\u00a0\u00a0\u00a0\u00a0\u00a0\u00a0\u00a0\u00a0\u00a0\u00a0\u00a0\u00a0\u00a0\u00a0\u00a0\u00a0\u00a0\u00a0\u00a0\u00a0\u00a0\u00a0\u00a0 Gl\u00fcck\u00a0 und Dankbarkeit. Eigentlich kann ich auf ein sehr erfolgreiches Leben zur\u00fcckblieben. Schon als Kind hatte man mir viele Aufgaben \u00fcbertragen. Sehr fr\u00fch lernte ich schwer zu arbeiten anstatt &hellip; <a href=\"https:\/\/www.mentalbeleben.at\/?page_id=41\">Weiterlesen <span class=\"meta-nav\">&rarr;<\/span><\/a><\/p>\n","protected":false},"author":1,"featured_media":267,"parent":0,"menu_order":5,"comment_status":"closed","ping_status":"closed","template":"","meta":{"footnotes":""},"_links":{"self":[{"href":"https:\/\/www.mentalbeleben.at\/index.php?rest_route=\/wp\/v2\/pages\/41"}],"collection":[{"href":"https:\/\/www.mentalbeleben.at\/index.php?rest_route=\/wp\/v2\/pages"}],"about":[{"href":"https:\/\/www.mentalbeleben.at\/index.php?rest_route=\/wp\/v2\/types\/page"}],"author":[{"embeddable":true,"href":"https:\/\/www.mentalbeleben.at\/index.php?rest_route=\/wp\/v2\/users\/1"}],"replies":[{"embeddable":true,"href":"https:\/\/www.mentalbeleben.at\/index.php?rest_route=%2Fwp%2Fv2%2Fcomments&post=41"}],"version-history":[{"count":19,"href":"https:\/\/www.mentalbeleben.at\/index.php?rest_route=\/wp\/v2\/pages\/41\/revisions"}],"predecessor-version":[{"id":534,"href":"https:\/\/www.mentalbeleben.at\/index.php?rest_route=\/wp\/v2\/pages\/41\/revisions\/534"}],"wp:featuredmedia":[{"embeddable":true,"href":"https:\/\/www.mentalbeleben.at\/index.php?rest_route=\/wp\/v2\/media\/267"}],"wp:attachment":[{"href":"https:\/\/www.mentalbeleben.at\/index.php?rest_route=%2Fwp%2Fv2%2Fmedia&parent=41"}],"curies":[{"name":"wp","href":"https:\/\/api.w.org\/{rel}","templated":true}]}}