{"id":51,"date":"2014-03-22T21:00:17","date_gmt":"2014-03-22T19:00:17","guid":{"rendered":"http:\/\/www.mentalbeleben.at\/?page_id=51"},"modified":"2014-07-27T23:01:16","modified_gmt":"2014-07-27T21:01:16","slug":"erfolg","status":"publish","type":"page","link":"https:\/\/www.mentalbeleben.at\/?page_id=51","title":{"rendered":"Erfolg"},"content":{"rendered":"<header><\/header>\n<div>\n<h1>Erfolg\u00a0 beginnt im Kopf<\/h1>\n<p>Erfolg ist ein Weg, kein Ziel und hat viele Komponenten. Materieller Wohlstand ist nur eine davon, auch Gesundheit, Energie und Lebensfreude, erf\u00fcllende Beziehungen, kreative Freiheit, emotionale und seelische Stabilit\u00e4t, Wohlbefinden und Seelenfrieden geh\u00f6ren dazu. Echter Erfolg ist daher die Erfahrung des Wunderbaren, G\u00f6ttlichen in uns.<\/p>\n<p>Man k\u00f6nnte Erfolg im Leben als eine ununterbrochene Fortsetzung von Gl\u00fcck beschreiben, als die F\u00e4higkeit, sich alle W\u00fcnsche m\u00fchelos und leicht zu erf\u00fcllen.<\/p>\n<h2>Das Geheimnis des Erfolges<\/h2>\n<p>Erfolg ist abh\u00e4ngig vom Grad des Bewusstseins, der Beherrschung deines Denkinstrumentes und der St\u00e4rke deines Glaubens. Misserfolge sind immer nur Zwischenergebnisse auf dem Weg zum endg\u00fcltigen Erfolg.<\/p>\n<p>Erfolg ist was er- folgt. Jeder bekommt das, was er verursacht, nicht mehr und nicht weniger und nichts anderes.. Erfolglose haben nur zu fr\u00fch aufgegeben.<\/p>\n<p>Denken sie an Edison, er ben\u00f6tigte tausende Versuche um die Gl\u00fchbirne zu erfinden.<br \/>\nErfolgreich sein kann man lernen, so wie man eine Fremdsprache erlernen kann.<br \/>\nWir k\u00f6nnen\u00a0 so viel Erfolg verursachen, wie wir glauben zu k\u00f6nnen und jeden Augenblick damit beginnen. Erfolg gehorcht ganz einfachen Gesetzen. Sobald wir\u00a0 diese befolgen, ist Erfolg unvermeidbar. Harte Arbeit ist keine Ursache f\u00fcr Erfolg.<\/p>\n<p style=\"text-align: center;\"><strong>Erfolg ist weder Geschenk noch Zufall!<\/strong><\/p>\n<p>Andere zu \u00fcbertreffen ist unwesentlich.Gib dein Bestes und versuche jeden Tag ein St\u00fcck besser als am Tag zuvor zu sein. Handle jetzt, schiebe es nicht auf, nicht auf morgen, sondern jetzt.<\/p>\n<h1>Das einzige was zwischen dir und deinem Erfolg steht, ist die Geschichte,<br \/>\ndie du dir immer wieder erz\u00e4hlst.<\/h1>\n<h3>Tony Robbins<\/h3>\n<p>&nbsp;<\/p>\n<\/div>\n","protected":false},"excerpt":{"rendered":"<p>Erfolg\u00a0 beginnt im Kopf Erfolg ist ein Weg, kein Ziel und hat viele Komponenten. Materieller Wohlstand ist nur eine davon, auch Gesundheit, Energie und Lebensfreude, erf\u00fcllende Beziehungen, kreative Freiheit, emotionale und seelische Stabilit\u00e4t, Wohlbefinden und Seelenfrieden geh\u00f6ren dazu. Echter Erfolg &hellip; <a href=\"https:\/\/www.mentalbeleben.at\/?page_id=51\">Weiterlesen <span class=\"meta-nav\">&rarr;<\/span><\/a><\/p>\n","protected":false},"author":1,"featured_media":293,"parent":0,"menu_order":4,"comment_status":"closed","ping_status":"closed","template":"","meta":{"footnotes":""},"_links":{"self":[{"href":"https:\/\/www.mentalbeleben.at\/index.php?rest_route=\/wp\/v2\/pages\/51"}],"collection":[{"href":"https:\/\/www.mentalbeleben.at\/index.php?rest_route=\/wp\/v2\/pages"}],"about":[{"href":"https:\/\/www.mentalbeleben.at\/index.php?rest_route=\/wp\/v2\/types\/page"}],"author":[{"embeddable":true,"href":"https:\/\/www.mentalbeleben.at\/index.php?rest_route=\/wp\/v2\/users\/1"}],"replies":[{"embeddable":true,"href":"https:\/\/www.mentalbeleben.at\/index.php?rest_route=%2Fwp%2Fv2%2Fcomments&post=51"}],"version-history":[{"count":25,"href":"https:\/\/www.mentalbeleben.at\/index.php?rest_route=\/wp\/v2\/pages\/51\/revisions"}],"predecessor-version":[{"id":501,"href":"https:\/\/www.mentalbeleben.at\/index.php?rest_route=\/wp\/v2\/pages\/51\/revisions\/501"}],"wp:featuredmedia":[{"embeddable":true,"href":"https:\/\/www.mentalbeleben.at\/index.php?rest_route=\/wp\/v2\/media\/293"}],"wp:attachment":[{"href":"https:\/\/www.mentalbeleben.at\/index.php?rest_route=%2Fwp%2Fv2%2Fmedia&parent=51"}],"curies":[{"name":"wp","href":"https:\/\/api.w.org\/{rel}","templated":true}]}}